{"id":11646,"date":"2023-02-13T12:34:30","date_gmt":"2023-02-13T11:34:30","guid":{"rendered":"http:\/\/h-a-b.de\/?page_id=11646"},"modified":"2025-05-15T14:27:14","modified_gmt":"2025-05-15T12:27:14","slug":"media","status":"publish","type":"page","link":"https:\/\/h-a-b.de\/en\/hab-academy\/media\/","title":{"rendered":"Media Library"},"content":{"rendered":"<p><div class=\"fusion-fullwidth fullwidth-box fusion-builder-row-1 fusion-flex-container has-pattern-background has-mask-background nonhundred-percent-fullwidth non-hundred-percent-height-scrolling\" style=\"--awb-border-radius-top-left:0px;--awb-border-radius-top-right:0px;--awb-border-radius-bottom-right:0px;--awb-border-radius-bottom-left:0px;--awb-padding-top:0px;--awb-padding-right:0px;--awb-padding-bottom:0px;--awb-padding-left:0px;--awb-margin-top:0px;--awb-margin-bottom:0px;--awb-flex-wrap:wrap;\" ><div class=\"fusion-builder-row fusion-row fusion-flex-align-items-flex-start fusion-flex-content-wrap\" style=\"max-width:1664px;margin-left: calc(-4% \/ 2 );margin-right: calc(-4% \/ 2 );\"><div class=\"fusion-layout-column fusion_builder_column fusion-builder-column-0 fusion_builder_column_1_1 1_1 fusion-flex-column\" style=\"--awb-bg-size:cover;--awb-width-large:100%;--awb-margin-top-large:0px;--awb-spacing-right-large:0px;--awb-margin-bottom-large:0px;--awb-spacing-left-large:0px;--awb-width-medium:100%;--awb-order-medium:0;--awb-spacing-right-medium:0px;--awb-spacing-left-medium:0px;--awb-width-small:100%;--awb-order-small:0;--awb-spacing-right-small:1.92%;--awb-spacing-left-small:1.92%;\"><div class=\"fusion-column-wrapper fusion-column-has-shadow fusion-flex-justify-content-flex-start fusion-content-layout-column\">\n\t\t\t\t<p class=\"rs-p-wp-fix\"><\/p>\n\t\t\t\t<sr7-module data-alias=\"Termine-Med\" data-id=\"176\" id=\"SR7_176_1\" class=\"rs-ov-hidden\" data-version=\"6.7.52\">\n\t\t\t\t\t<sr7-adjuster><\/sr7-adjuster>\n\t\t\t\t\t<sr7-content>\n\t\t\t\t\t\t<sr7-slide id=\"SR7_176_1-74\" data-key=\"74\">\n\t\t\t\t\t\t\t<h1 id=\"SR7_176_1-74-1\" class=\"sr7-layer\">MEDICAL \nPROFESSIONAL \nTRAINING<\/h1>\n\t\t\t\t\t\t\t<h1 id=\"SR7_176_1-74-3\" class=\"sr7-layer\">AT A HIGH \nSCIENTIFIC LEVEL<\/h1>\n\t\t\t\t\t\t<\/sr7-slide>\n\t\t\t\t\t\t<sr7-slide id=\"SR7_176_1-99\" data-key=\"99\">\n\t\t\t\t\t\t<\/sr7-slide>\n\t\t\t\t\t<\/sr7-content>\n\t\t\t\t\t<image_lists style=\"display:none\">\n\t\t\t\t\t\t<img data-src=\"\/\/h-a-b.de\/wp-content\/uploads\/2022\/11\/home-waves.png\" data-libid=\"8429\" data-lib=\"medialibrary\" title=\"home-waves\" width=\"0\" height=\"0\" data-dbsrc=\"Ly9oLWEtYi5kZS93cC1jb250ZW50L3VwbG9hZHMvMjAyMi8xMS9ob21lLXdhdmVzLnBuZw==\"\/>\n\t\t\t\t\t\t<img data-src=\"\/\/h-a-b.de\/wp-content\/uploads\/2022\/11\/termine-med-scaled.jpg\" data-libid=\"9320\" data-lib=\"medialibrary\" title=\"termine-med\" width=\"0\" height=\"0\" data-dbsrc=\"Ly9oLWEtYi5kZS93cC1jb250ZW50L3VwbG9hZHMvMjAyMi8xMS90ZXJtaW5lLW1lZC1zY2FsZWQuanBn\"\/>\n\t\t\t\t\t<\/image_lists>\n\t\t\t\t<\/sr7-module>\n\t\t\t\t<script>\n\t\t\t\t\twindow.SR7 ??={};SR7.PMH ??={}; SR7.PMH[\"SR7_176_1\"] = {cn:100,state:false,fn: function() { if (window._tpt!==undefined && window._tpt.prepareModuleHeight !== undefined) {  _tpt.prepareModuleHeight({id:\"SR7_176_1\",el:[1430,1430,768,960,720],type:'hero',shdw:'0',gh:[1430,1430,458,348,215],gw:[3200,3200,1024,778,480],vpt:['-100px'],size:{fullWidth:true, fullHeight:false},mh:'0',onh:0,onw:0,bg:{color:'{\"orig\":\"transparent\",\"type\":\"solid\",\"string\":\"transparent\"}'}});   SR7.PMH[\"SR7_176_1\"].state=true;} else if(SR7.PMH[\"SR7_176_1\"].cn-->0)\tsetTimeout( SR7.PMH[\"SR7_176_1\"].fn,19);}};SR7.PMH[\"SR7_176_1\" ].fn();\n\t\t\t\t<\/script>\n<\/div><\/div><\/div><\/div><div class=\"fusion-fullwidth fullwidth-box fusion-builder-row-2 fusion-flex-container has-pattern-background has-mask-background hundred-percent-fullwidth non-hundred-percent-height-scrolling\" style=\"--awb-border-radius-top-left:0px;--awb-border-radius-top-right:0px;--awb-border-radius-bottom-right:0px;--awb-border-radius-bottom-left:0px;--awb-flex-wrap:wrap;\" ><div class=\"fusion-builder-row fusion-row fusion-flex-align-items-flex-start fusion-flex-justify-content-center fusion-flex-content-wrap\" style=\"width:104% !important;max-width:104% !important;margin-left: calc(-4% \/ 2 );margin-right: calc(-4% \/ 2 );\"><div class=\"fusion-layout-column fusion_builder_column fusion-builder-column-1 fusion_builder_column_1_2 1_2 fusion-flex-column\" style=\"--awb-bg-size:cover;--awb-width-large:50%;--awb-margin-top-large:0px;--awb-spacing-right-large:3.84%;--awb-margin-bottom-large:20px;--awb-spacing-left-large:30px;--awb-width-medium:60%;--awb-order-medium:0;--awb-spacing-right-medium:3.2%;--awb-spacing-left-medium:0px;--awb-width-small:83.333333333333%;--awb-order-small:0;--awb-spacing-right-small:2.304%;--awb-spacing-left-small:0px;\"><div class=\"fusion-column-wrapper fusion-column-has-shadow fusion-flex-justify-content-flex-start fusion-content-layout-column\"><div class=\"fusion-text fusion-text-1\" style=\"--awb-text-color:#e40f1a;--awb-text-font-family:&quot;Roboto&quot;;--awb-text-font-style:normal;--awb-text-font-weight:400;\"><h1 style=\"text-align: center;\"><b>HAB<\/b><sup>\u00ae<\/sup>-ACADEMY<br \/>\nMedia library<\/h1>\n<\/div><div class=\"fusion-separator\" style=\"align-self: center;margin-left: auto;margin-right: auto;margin-top:20px;margin-bottom:20px;width:100%;max-width:100px;\"><div class=\"fusion-separator-border sep-single sep-solid\" style=\"--awb-height:20px;--awb-amount:20px;--awb-sep-color:#ebbd00;border-color:#ebbd00;border-top-width:2px;\"><\/div><\/div><\/div><\/div><\/div><\/div><div class=\"fusion-fullwidth fullwidth-box fusion-builder-row-3 fusion-flex-container has-pattern-background has-mask-background nonhundred-percent-fullwidth non-hundred-percent-height-scrolling\" style=\"--awb-border-radius-top-left:0px;--awb-border-radius-top-right:0px;--awb-border-radius-bottom-right:0px;--awb-border-radius-bottom-left:0px;--awb-flex-wrap:wrap;\" ><div class=\"fusion-builder-row fusion-row fusion-flex-align-items-flex-start fusion-flex-content-wrap\" style=\"max-width:1664px;margin-left: calc(-4% \/ 2 );margin-right: calc(-4% \/ 2 );\"><div class=\"fusion-layout-column fusion_builder_column fusion-builder-column-2 fusion-flex-column fusion-no-small-visibility\" style=\"--awb-bg-size:cover;--awb-width-large:11.5%;--awb-margin-top-large:0px;--awb-spacing-right-large:16.695652173913%;--awb-margin-bottom-large:20px;--awb-spacing-left-large:16.695652173913%;--awb-width-medium:9%;--awb-order-medium:0;--awb-spacing-right-medium:21.333333333333%;--awb-spacing-left-medium:21.333333333333%;--awb-width-small:100%;--awb-order-small:0;--awb-spacing-right-small:1.92%;--awb-spacing-left-small:1.92%;\"><div class=\"fusion-column-wrapper fusion-column-has-shadow fusion-flex-justify-content-flex-start fusion-content-layout-column\"><\/div><\/div><div class=\"fusion-layout-column fusion_builder_column fusion-builder-column-3 fusion-flex-column\" style=\"--awb-bg-size:cover;--awb-width-large:13%;--awb-margin-top-large:0px;--awb-spacing-right-large:14.769230769231%;--awb-margin-bottom-large:20px;--awb-spacing-left-large:14.769230769231%;--awb-width-medium:13.27%;--awb-order-medium:0;--awb-spacing-right-medium:14.468726450641%;--awb-spacing-left-medium:14.468726450641%;--awb-width-small:100%;--awb-order-small:0;--awb-spacing-right-small:1.92%;--awb-spacing-left-small:1.92%;\"><div class=\"fusion-column-wrapper fusion-column-has-shadow fusion-flex-justify-content-flex-start fusion-content-layout-column\"><div class=\"fusion-image-element sm-text-align-center\" style=\"--awb-margin-top-small:20px;--awb-caption-title-font-family:var(--h2_typography-font-family);--awb-caption-title-font-weight:var(--h2_typography-font-weight);--awb-caption-title-font-style:var(--h2_typography-font-style);--awb-caption-title-size:var(--h2_typography-font-size);--awb-caption-title-transform:var(--h2_typography-text-transform);--awb-caption-title-line-height:var(--h2_typography-line-height);--awb-caption-title-letter-spacing:var(--h2_typography-letter-spacing);\"><span class=\" fusion-imageframe imageframe-none imageframe-1 hover-type-none\"><img decoding=\"async\" width=\"181\" height=\"161\" title=\"hab-academy\" src=\"http:\/\/h-a-b.de\/wp-content\/uploads\/2022\/11\/hab-academy-1.png\" alt class=\"img-responsive wp-image-9482\"\/><\/span><\/div><\/div><\/div><div class=\"fusion-layout-column fusion_builder_column fusion-builder-column-4 fusion_builder_column_1_2 1_2 fusion-flex-column\" style=\"--awb-bg-size:cover;--awb-width-large:50%;--awb-margin-top-large:0px;--awb-spacing-right-large:3.84%;--awb-margin-bottom-large:20px;--awb-spacing-left-large:3.84%;--awb-width-medium:66.666666666667%;--awb-order-medium:0;--awb-spacing-right-medium:2.88%;--awb-spacing-left-medium:20px;--awb-width-small:83.333333333333%;--awb-order-small:0;--awb-spacing-right-small:2.304%;--awb-spacing-left-small:11.52%;\"><div class=\"fusion-column-wrapper fusion-column-has-shadow fusion-flex-justify-content-flex-start fusion-content-layout-column\"><div class=\"fusion-text fusion-text-2\" style=\"--awb-font-size:13px;--awb-text-color:#000000;--awb-text-font-family:&quot;Figtree&quot;;--awb-text-font-style:normal;--awb-text-font-weight:400;\"><h5 style=\"text-align: center;\">Things to know about the Ozone-Oxygen and<br \/>\nColon-Hydro-Therapy<br \/>\nCurrent studies &#8211; recent articles<\/h5>\n<h5 style=\"text-align: center;\">All recordings of the online trainings can be<br \/>\nfound at our media library of DOCTARIS.com<br \/>\n&#8211; the portal for medical professionals!<\/h5>\n<\/div><div class=\"fusion-separator\" style=\"align-self: center;margin-left: auto;margin-right: auto;width:100%;max-width:100px;\"><div class=\"fusion-separator-border sep-single sep-solid\" style=\"--awb-height:20px;--awb-amount:20px;--awb-sep-color:#ebbd00;border-color:#ebbd00;border-top-width:2px;\"><\/div><\/div><div class=\"fusion-text fusion-text-3\" style=\"--awb-font-size:13px;--awb-text-color:#000000;--awb-text-font-family:&quot;Figtree&quot;;--awb-text-font-style:normal;--awb-text-font-weight:300;\"><h6 style=\"text-align: center;\">With one click on the logo to the free registration<br \/>\nand you are always well informed!<\/h6>\n<\/div><div class=\"fusion-image-element \" style=\"text-align:center;--awb-margin-top:20px;--awb-max-width:300px;--awb-caption-title-font-family:var(--h2_typography-font-family);--awb-caption-title-font-weight:var(--h2_typography-font-weight);--awb-caption-title-font-style:var(--h2_typography-font-style);--awb-caption-title-size:var(--h2_typography-font-size);--awb-caption-title-transform:var(--h2_typography-text-transform);--awb-caption-title-line-height:var(--h2_typography-line-height);--awb-caption-title-letter-spacing:var(--h2_typography-letter-spacing);\"><span class=\" fusion-imageframe imageframe-none imageframe-2 hover-type-none\"><a class=\"fusion-no-lightbox\" href=\"https:\/\/doctaris.com\/registrierung-hab\/\" target=\"_blank\" aria-label=\"Doctaris Logo\" rel=\"noopener noreferrer\"><img decoding=\"async\" width=\"513\" height=\"157\" src=\"http:\/\/h-a-b.de\/wp-content\/uploads\/2023\/01\/Doctaris-Logo.png\" alt class=\"img-responsive wp-image-11279\" srcset=\"https:\/\/h-a-b.de\/wp-content\/uploads\/2023\/01\/Doctaris-Logo-200x61.png 200w, https:\/\/h-a-b.de\/wp-content\/uploads\/2023\/01\/Doctaris-Logo-400x122.png 400w, https:\/\/h-a-b.de\/wp-content\/uploads\/2023\/01\/Doctaris-Logo.png 513w\" sizes=\"(max-width: 800px) 100vw, 513px\" \/><\/a><\/span><\/div><\/div><\/div><\/div><\/div><div class=\"fusion-fullwidth fullwidth-box fusion-builder-row-4 fusion-flex-container has-pattern-background has-mask-background hundred-percent-fullwidth non-hundred-percent-height-scrolling fusion-custom-z-index\" style=\"--awb-border-radius-top-left:0px;--awb-border-radius-top-right:0px;--awb-border-radius-bottom-right:0px;--awb-border-radius-bottom-left:0px;--awb-z-index:9;--awb-padding-top:0px;--awb-padding-right:0px;--awb-padding-bottom:0px;--awb-padding-left:0px;--awb-padding-bottom-small:0px;--awb-margin-top:0%;--awb-margin-bottom:-8%;--awb-margin-top-medium:-0%;--awb-margin-bottom-medium:-8%;--awb-margin-top-small:0%;--awb-margin-bottom-small:-16%;--awb-flex-wrap:wrap;\" ><div class=\"fusion-builder-row fusion-row fusion-flex-align-items-flex-start fusion-flex-content-wrap\" style=\"width:104% !important;max-width:104% !important;margin-left: calc(-4% \/ 2 );margin-right: calc(-4% \/ 2 );\"><div class=\"fusion-layout-column fusion_builder_column fusion-builder-column-5 fusion_builder_column_1_1 1_1 fusion-flex-column\" style=\"--awb-bg-size:cover;--awb-width-large:100%;--awb-margin-top-large:0px;--awb-spacing-right-large:0px;--awb-margin-bottom-large:0px;--awb-spacing-left-large:0px;--awb-width-medium:100%;--awb-order-medium:0;--awb-margin-top-medium:0px;--awb-spacing-right-medium:0px;--awb-spacing-left-medium:0px;--awb-width-small:100%;--awb-order-small:0;--awb-margin-top-small:0px;--awb-spacing-right-small:1.92%;--awb-margin-bottom-small:0px;--awb-spacing-left-small:1.92%;\"><div class=\"fusion-column-wrapper fusion-column-has-shadow fusion-flex-justify-content-flex-start fusion-content-layout-column\">\n\t\t\t\t<p class=\"rs-p-wp-fix\"><\/p>\n\t\t\t\t<sr7-module data-alias=\"hab-academy-Bottom-Slider\" data-id=\"190\" id=\"SR7_190_2\" class=\"rs-ov-hidden\" data-version=\"6.7.52\">\n\t\t\t\t\t<sr7-adjuster><\/sr7-adjuster>\n\t\t\t\t\t<sr7-content>\n\t\t\t\t\t\t<sr7-slide id=\"SR7_190_2-72\" data-key=\"72\">\n\t\t\t\t\t\t\t<sr7-txt id=\"SR7_190_2-72-3\" class=\"sr7-layer\">ALL EVENTS<\/sr7-txt>\n\t\t\t\t\t\t\t<a id=\"SR7_190_2-72-5\" class=\"sr7-layer\" href=\"http:\/\/h-a-b.de\/en\/hab-academy\/dates-med-professional-trainings\/\" target=\"_self\">DATES &<br \/>\nMEDICAL TRAININGS<\/a>\n\t\t\t\t\t\t<\/sr7-slide>\n\t\t\t\t\t\t<sr7-slide id=\"SR7_190_2-109\" data-key=\"109\">\n\t\t\t\t\t\t<\/sr7-slide>\n\t\t\t\t\t<\/sr7-content>\n\t\t\t\t\t<image_lists style=\"display:none\">\n\t\t\t\t\t\t<img data-src=\"\/\/h-a-b.de\/wp-content\/uploads\/2022\/11\/footer-wave.png\" data-libid=\"8522\" data-lib=\"medialibrary\" title=\"footer-wave\" width=\"0\" height=\"0\" data-dbsrc=\"Ly9oLWEtYi5kZS93cC1jb250ZW50L3VwbG9hZHMvMjAyMi8xMS9mb290ZXItd2F2ZS5wbmc=\"\/>\n\t\t\t\t\t\t<img data-src=\"\/\/h-a-b.de\/wp-content\/uploads\/2022\/11\/wave-top.png\" data-libid=\"8872\" data-lib=\"medialibrary\" title=\"wave-top\" width=\"0\" height=\"0\" data-dbsrc=\"Ly9oLWEtYi5kZS93cC1jb250ZW50L3VwbG9hZHMvMjAyMi8xMS93YXZlLXRvcC5wbmc=\"\/>\n\t\t\t\t\t<\/image_lists>\n\t\t\t\t<\/sr7-module>\n\t\t\t\t<script>\n\t\t\t\t\twindow.SR7 ??={};SR7.PMH ??={}; SR7.PMH[\"SR7_190_2\"] = {cn:100,state:false,fn: function() { if (window._tpt!==undefined && window._tpt.prepareModuleHeight !== undefined) {  _tpt.prepareModuleHeight({id:\"SR7_190_2\",el:[940,940,360,560,310],type:'hero',shdw:'0',gh:[940,940,360,560,310],gw:[3200,3200,1024,778,480],vpt:['-100px&#039;,&#039;-100px&#039;,&#039;-100px&#039;,&#039;-100px&#039;,&#039;-100px'],size:{fullWidth:true, fullHeight:false},mh:'0',onh:0,onw:0,bg:{color:'{\"orig\":\"transparent\",\"type\":\"solid\",\"string\":\"transparent\"}'}});   SR7.PMH[\"SR7_190_2\"].state=true;} else if(SR7.PMH[\"SR7_190_2\"].cn-->0)\tsetTimeout( SR7.PMH[\"SR7_190_2\"].fn,19);}};SR7.PMH[\"SR7_190_2\" ].fn();\n\t\t\t\t<\/script>\n<\/div><\/div><\/div><\/div><\/p>\n","protected":false},"excerpt":{"rendered":"","protected":false},"author":29,"featured_media":0,"parent":11478,"menu_order":1,"comment_status":"closed","ping_status":"closed","template":"100-width.php","meta":{"footnotes":""},"class_list":["post-11646","page","type-page","status-publish","hentry"],"yoast_head":"<!-- This site is optimized with the Yoast SEO plugin v27.3 - https:\/\/yoast.com\/product\/yoast-seo-wordpress\/ -->\n<title>Media Library - HERRMANN Apparatebau GmbH , Elsenfeld<\/title>\n<meta name=\"description\" content=\"Things to know about the Ozone-Oxygen and Colon-Hydro-Therapy Current studies \u2013 recent articles\" \/>\n<meta name=\"robots\" content=\"index, follow, max-snippet:-1, max-image-preview:large, max-video-preview:-1\" \/>\n<link rel=\"canonical\" href=\"https:\/\/h-a-b.de\/en\/hab-academy\/media\/\" \/>\n<meta property=\"og:locale\" content=\"en_US\" \/>\n<meta property=\"og:type\" content=\"article\" \/>\n<meta property=\"og:title\" content=\"Media Library - HERRMANN Apparatebau GmbH , Elsenfeld\" \/>\n<meta property=\"og:description\" content=\"Things to know about the Ozone-Oxygen and Colon-Hydro-Therapy Current studies \u2013 recent articles\" \/>\n<meta property=\"og:url\" content=\"https:\/\/h-a-b.de\/en\/hab-academy\/media\/\" \/>\n<meta property=\"og:site_name\" content=\"HERRMANN Apparatebau GmbH , Elsenfeld\" \/>\n<meta property=\"article:publisher\" content=\"https:\/\/de-de.facebook.com\/habgmbh\/\" \/>\n<meta property=\"article:modified_time\" content=\"2025-05-15T12:27:14+00:00\" \/>\n<meta property=\"og:image\" content=\"https:\/\/h-a-b.de\/wp-content\/uploads\/2022\/12\/hab_facebook.jpg\" \/>\n\t<meta property=\"og:image:width\" content=\"1200\" \/>\n\t<meta property=\"og:image:height\" content=\"630\" \/>\n\t<meta property=\"og:image:type\" content=\"image\/jpeg\" \/>\n<meta name=\"twitter:card\" content=\"summary_large_image\" \/>\n<meta name=\"twitter:label1\" content=\"Est. reading time\" \/>\n\t<meta name=\"twitter:data1\" content=\"15 minutes\" \/>\n<script type=\"application\/ld+json\" class=\"yoast-schema-graph\">{\"@context\":\"https:\\\/\\\/schema.org\",\"@graph\":[{\"@type\":\"WebPage\",\"@id\":\"https:\\\/\\\/h-a-b.de\\\/en\\\/hab-academy\\\/media\\\/\",\"url\":\"https:\\\/\\\/h-a-b.de\\\/en\\\/hab-academy\\\/media\\\/\",\"name\":\"Media Library - HERRMANN Apparatebau GmbH , Elsenfeld\",\"isPartOf\":{\"@id\":\"https:\\\/\\\/h-a-b.de\\\/en\\\/#website\"},\"datePublished\":\"2023-02-13T11:34:30+00:00\",\"dateModified\":\"2025-05-15T12:27:14+00:00\",\"description\":\"Things to know about the Ozone-Oxygen and Colon-Hydro-Therapy Current studies \u2013 recent articles\",\"breadcrumb\":{\"@id\":\"https:\\\/\\\/h-a-b.de\\\/en\\\/hab-academy\\\/media\\\/#breadcrumb\"},\"inLanguage\":\"en-US\",\"potentialAction\":[{\"@type\":\"ReadAction\",\"target\":[\"https:\\\/\\\/h-a-b.de\\\/en\\\/hab-academy\\\/media\\\/\"]}]},{\"@type\":\"BreadcrumbList\",\"@id\":\"https:\\\/\\\/h-a-b.de\\\/en\\\/hab-academy\\\/media\\\/#breadcrumb\",\"itemListElement\":[{\"@type\":\"ListItem\",\"position\":1,\"name\":\"Startseite\",\"item\":\"https:\\\/\\\/h-a-b.de\\\/en\\\/\"},{\"@type\":\"ListItem\",\"position\":2,\"name\":\"HAB\u00ae- ACADEMY\",\"item\":\"https:\\\/\\\/h-a-b.de\\\/en\\\/hab-academy\\\/\"},{\"@type\":\"ListItem\",\"position\":3,\"name\":\"Media Library\"}]},{\"@type\":\"WebSite\",\"@id\":\"https:\\\/\\\/h-a-b.de\\\/en\\\/#website\",\"url\":\"https:\\\/\\\/h-a-b.de\\\/en\\\/\",\"name\":\"HERRMANN Apparatebau GmbH , Elsenfeld\",\"description\":\"Marktf\u00fchrer f\u00fcr Ozon-Sauerstoff- &amp; Colon-Hydro-Therapie-Ger\u00e4te\",\"publisher\":{\"@id\":\"https:\\\/\\\/h-a-b.de\\\/en\\\/#organization\"},\"potentialAction\":[{\"@type\":\"SearchAction\",\"target\":{\"@type\":\"EntryPoint\",\"urlTemplate\":\"https:\\\/\\\/h-a-b.de\\\/en\\\/?s={search_term_string}\"},\"query-input\":{\"@type\":\"PropertyValueSpecification\",\"valueRequired\":true,\"valueName\":\"search_term_string\"}}],\"inLanguage\":\"en-US\"},{\"@type\":\"Organization\",\"@id\":\"https:\\\/\\\/h-a-b.de\\\/en\\\/#organization\",\"name\":\"HERRMANN Apparatebau GmbH\",\"alternateName\":\"HAB\",\"url\":\"https:\\\/\\\/h-a-b.de\\\/en\\\/\",\"logo\":{\"@type\":\"ImageObject\",\"inLanguage\":\"en-US\",\"@id\":\"https:\\\/\\\/h-a-b.de\\\/en\\\/#\\\/schema\\\/logo\\\/image\\\/\",\"url\":\"http:\\\/\\\/h-a-b.de\\\/wp-content\\\/uploads\\\/2022\\\/12\\\/favicon.jpg\",\"contentUrl\":\"http:\\\/\\\/h-a-b.de\\\/wp-content\\\/uploads\\\/2022\\\/12\\\/favicon.jpg\",\"width\":512,\"height\":512,\"caption\":\"HERRMANN Apparatebau GmbH\"},\"image\":{\"@id\":\"https:\\\/\\\/h-a-b.de\\\/en\\\/#\\\/schema\\\/logo\\\/image\\\/\"},\"sameAs\":[\"https:\\\/\\\/de-de.facebook.com\\\/habgmbh\\\/\",\"https:\\\/\\\/www.instagram.com\\\/hab_herrmann_apparatebau\\\/?hl=de\"]}]}<\/script>\n<!-- \/ Yoast SEO plugin. -->","yoast_head_json":{"title":"Media Library - HERRMANN Apparatebau GmbH , Elsenfeld","description":"Things to know about the Ozone-Oxygen and Colon-Hydro-Therapy Current studies \u2013 recent articles","robots":{"index":"index","follow":"follow","max-snippet":"max-snippet:-1","max-image-preview":"max-image-preview:large","max-video-preview":"max-video-preview:-1"},"canonical":"https:\/\/h-a-b.de\/en\/hab-academy\/media\/","og_locale":"en_US","og_type":"article","og_title":"Media Library - HERRMANN Apparatebau GmbH , Elsenfeld","og_description":"Things to know about the Ozone-Oxygen and Colon-Hydro-Therapy Current studies \u2013 recent articles","og_url":"https:\/\/h-a-b.de\/en\/hab-academy\/media\/","og_site_name":"HERRMANN Apparatebau GmbH , Elsenfeld","article_publisher":"https:\/\/de-de.facebook.com\/habgmbh\/","article_modified_time":"2025-05-15T12:27:14+00:00","og_image":[{"width":1200,"height":630,"url":"https:\/\/h-a-b.de\/wp-content\/uploads\/2022\/12\/hab_facebook.jpg","type":"image\/jpeg"}],"twitter_card":"summary_large_image","twitter_misc":{"Est. reading time":"15 minutes"},"schema":{"@context":"https:\/\/schema.org","@graph":[{"@type":"WebPage","@id":"https:\/\/h-a-b.de\/en\/hab-academy\/media\/","url":"https:\/\/h-a-b.de\/en\/hab-academy\/media\/","name":"Media Library - HERRMANN Apparatebau GmbH , Elsenfeld","isPartOf":{"@id":"https:\/\/h-a-b.de\/en\/#website"},"datePublished":"2023-02-13T11:34:30+00:00","dateModified":"2025-05-15T12:27:14+00:00","description":"Things to know about the Ozone-Oxygen and Colon-Hydro-Therapy Current studies \u2013 recent articles","breadcrumb":{"@id":"https:\/\/h-a-b.de\/en\/hab-academy\/media\/#breadcrumb"},"inLanguage":"en-US","potentialAction":[{"@type":"ReadAction","target":["https:\/\/h-a-b.de\/en\/hab-academy\/media\/"]}]},{"@type":"BreadcrumbList","@id":"https:\/\/h-a-b.de\/en\/hab-academy\/media\/#breadcrumb","itemListElement":[{"@type":"ListItem","position":1,"name":"Startseite","item":"https:\/\/h-a-b.de\/en\/"},{"@type":"ListItem","position":2,"name":"HAB\u00ae- ACADEMY","item":"https:\/\/h-a-b.de\/en\/hab-academy\/"},{"@type":"ListItem","position":3,"name":"Media Library"}]},{"@type":"WebSite","@id":"https:\/\/h-a-b.de\/en\/#website","url":"https:\/\/h-a-b.de\/en\/","name":"HERRMANN Apparatebau GmbH , Elsenfeld","description":"Marktf\u00fchrer f\u00fcr Ozon-Sauerstoff- &amp; Colon-Hydro-Therapie-Ger\u00e4te","publisher":{"@id":"https:\/\/h-a-b.de\/en\/#organization"},"potentialAction":[{"@type":"SearchAction","target":{"@type":"EntryPoint","urlTemplate":"https:\/\/h-a-b.de\/en\/?s={search_term_string}"},"query-input":{"@type":"PropertyValueSpecification","valueRequired":true,"valueName":"search_term_string"}}],"inLanguage":"en-US"},{"@type":"Organization","@id":"https:\/\/h-a-b.de\/en\/#organization","name":"HERRMANN Apparatebau GmbH","alternateName":"HAB","url":"https:\/\/h-a-b.de\/en\/","logo":{"@type":"ImageObject","inLanguage":"en-US","@id":"https:\/\/h-a-b.de\/en\/#\/schema\/logo\/image\/","url":"http:\/\/h-a-b.de\/wp-content\/uploads\/2022\/12\/favicon.jpg","contentUrl":"http:\/\/h-a-b.de\/wp-content\/uploads\/2022\/12\/favicon.jpg","width":512,"height":512,"caption":"HERRMANN Apparatebau GmbH"},"image":{"@id":"https:\/\/h-a-b.de\/en\/#\/schema\/logo\/image\/"},"sameAs":["https:\/\/de-de.facebook.com\/habgmbh\/","https:\/\/www.instagram.com\/hab_herrmann_apparatebau\/?hl=de"]}]}},"_links":{"self":[{"href":"https:\/\/h-a-b.de\/en\/wp-json\/wp\/v2\/pages\/11646","targetHints":{"allow":["GET"]}}],"collection":[{"href":"https:\/\/h-a-b.de\/en\/wp-json\/wp\/v2\/pages"}],"about":[{"href":"https:\/\/h-a-b.de\/en\/wp-json\/wp\/v2\/types\/page"}],"author":[{"embeddable":true,"href":"https:\/\/h-a-b.de\/en\/wp-json\/wp\/v2\/users\/29"}],"replies":[{"embeddable":true,"href":"https:\/\/h-a-b.de\/en\/wp-json\/wp\/v2\/comments?post=11646"}],"version-history":[{"count":0,"href":"https:\/\/h-a-b.de\/en\/wp-json\/wp\/v2\/pages\/11646\/revisions"}],"up":[{"embeddable":true,"href":"https:\/\/h-a-b.de\/en\/wp-json\/wp\/v2\/pages\/11478"}],"wp:attachment":[{"href":"https:\/\/h-a-b.de\/en\/wp-json\/wp\/v2\/media?parent=11646"}],"curies":[{"name":"wp","href":"https:\/\/api.w.org\/{rel}","templated":true}]}}