{"id":12966,"date":"2025-02-26T14:25:10","date_gmt":"2025-02-26T13:25:10","guid":{"rendered":"http:\/\/h-a-b.de\/?page_id=12966"},"modified":"2025-02-26T14:25:10","modified_gmt":"2025-02-26T13:25:10","slug":"newslettersignup","status":"publish","type":"page","link":"https:\/\/h-a-b.de\/en\/newslettersignup\/","title":{"rendered":"newslettersignup"},"content":{"rendered":"<p><div class=\"fusion-fullwidth fullwidth-box fusion-builder-row-1 fusion-flex-container has-pattern-background has-mask-background nonhundred-percent-fullwidth non-hundred-percent-height-scrolling\" style=\"--awb-border-radius-top-left:0px;--awb-border-radius-top-right:0px;--awb-border-radius-bottom-right:0px;--awb-border-radius-bottom-left:0px;--awb-margin-top:40px;--awb-flex-wrap:wrap;\" id=\"Messen\" ><div class=\"fusion-builder-row fusion-row fusion-flex-align-items-flex-start fusion-flex-justify-content-center fusion-flex-content-wrap\" style=\"max-width:1664px;margin-left: calc(-4% \/ 2 );margin-right: calc(-4% \/ 2 );\"><div class=\"fusion-layout-column fusion_builder_column fusion-builder-column-0 fusion_builder_column_2_5 2_5 fusion-flex-column\" style=\"--awb-bg-size:cover;--awb-width-large:40%;--awb-margin-top-large:200px;--awb-spacing-right-large:4.8%;--awb-margin-bottom-large:100px;--awb-spacing-left-large:4.8%;--awb-width-medium:75%;--awb-order-medium:0;--awb-spacing-right-medium:2.56%;--awb-spacing-left-medium:2.56%;--awb-width-small:83.333333333333%;--awb-order-small:0;--awb-spacing-right-small:2.304%;--awb-spacing-left-small:2.304%;\"><div class=\"fusion-column-wrapper fusion-column-has-shadow fusion-flex-justify-content-flex-start fusion-content-layout-column\"><div class=\"fusion-text fusion-text-1\" style=\"--awb-text-color:#e40f1a;--awb-text-font-family:&quot;Roboto&quot;;--awb-text-font-style:normal;--awb-text-font-weight:400;\"><h1 style=\"text-align: center;\">Newslettersignup<\/h1>\n<\/div><div class=\"fusion-separator\" style=\"align-self: center;margin-left: auto;margin-right: auto;margin-top:20px;margin-bottom:20px;width:100%;max-width:100px;\"><div class=\"fusion-separator-border sep-single sep-solid\" style=\"--awb-height:20px;--awb-amount:20px;--awb-sep-color:#ebbd00;border-color:#ebbd00;border-top-width:2px;\"><\/div><\/div><\/div><\/div><\/div><\/div><div class=\"fusion-fullwidth fullwidth-box fusion-builder-row-2 fusion-flex-container has-pattern-background has-mask-background nonhundred-percent-fullwidth non-hundred-percent-height-scrolling\" style=\"--awb-border-radius-top-left:0px;--awb-border-radius-top-right:0px;--awb-border-radius-bottom-right:0px;--awb-border-radius-bottom-left:0px;--awb-margin-top:20px;--awb-flex-wrap:wrap;\" id=\"Prasenz\" ><div class=\"fusion-builder-row fusion-row fusion-flex-align-items-flex-start fusion-flex-justify-content-center fusion-flex-content-wrap\" style=\"max-width:1664px;margin-left: calc(-4% \/ 2 );margin-right: calc(-4% \/ 2 );\"><div class=\"fusion-layout-column fusion_builder_column fusion-builder-column-1 fusion_builder_column_2_5 2_5 fusion-flex-column\" style=\"--awb-padding-bottom:10px;--awb-bg-size:cover;--awb-width-large:40%;--awb-margin-top-large:0px;--awb-spacing-right-large:4.8%;--awb-margin-bottom-large:20px;--awb-spacing-left-large:4.8%;--awb-width-medium:75%;--awb-order-medium:0;--awb-spacing-right-medium:2.56%;--awb-spacing-left-medium:2.56%;--awb-width-small:83.333333333333%;--awb-order-small:0;--awb-spacing-right-small:2.304%;--awb-spacing-left-small:2.304%;\"><div class=\"fusion-column-wrapper fusion-column-has-shadow fusion-flex-justify-content-flex-start fusion-content-layout-column\"><div class=\"fusion-text fusion-text-2\"><div id=\"quform-43130f\" class=\"quform quform-20 quform-support-page-caching\"><form id=\"quform-form-43130f\" class=\"quform-form quform-form-20\" action=\"\/en\/wp-json\/wp\/v2\/pages\/12966#quform-43130f\" method=\"post\" enctype=\"multipart\/form-data\" novalidate=\"novalidate\" data-options=\"{&quot;id&quot;:20,&quot;uniqueId&quot;:&quot;43130f&quot;,&quot;theme&quot;:&quot;&quot;,&quot;ajax&quot;:true,&quot;logic&quot;:{&quot;logic&quot;:[],&quot;dependents&quot;:[],&quot;elementIds&quot;:[],&quot;dependentElementIds&quot;:[],&quot;animate&quot;:true},&quot;currentPageId&quot;:1,&quot;errorsIcon&quot;:&quot;&quot;,&quot;updateFancybox&quot;:true,&quot;hasPages&quot;:false,&quot;pages&quot;:[1],&quot;pageProgressType&quot;:&quot;numbers&quot;,&quot;tooltipsEnabled&quot;:true,&quot;tooltipClasses&quot;:&quot;qtip-quform-dark qtip-shadow&quot;,&quot;tooltipMy&quot;:&quot;left center&quot;,&quot;tooltipAt&quot;:&quot;right center&quot;,&quot;isRtl&quot;:false,&quot;scrollOffset&quot;:-50,&quot;scrollSpeed&quot;:800}\"><button class=\"quform-default-submit\" name=\"quform_submit\" type=\"submit\" value=\"submit\" aria-hidden=\"true\" tabindex=\"-1\"><\/button><div class=\"quform-form-inner quform-form-inner-20\"><input type=\"hidden\" name=\"quform_form_id\" value=\"20\" \/><input type=\"hidden\" name=\"quform_form_uid\" value=\"43130f\" \/><input type=\"hidden\" name=\"quform_count\" value=\"1\" \/><input type=\"hidden\" name=\"form_url\" value=\"https:\/\/h-a-b.de\/en\/wp-json\/wp\/v2\/pages\/12966\" \/><input type=\"hidden\" name=\"referring_url\" value=\"\" \/><input type=\"hidden\" name=\"post_id\" value=\"\" \/><input type=\"hidden\" name=\"post_title\" value=\"\" \/><input type=\"hidden\" name=\"quform_current_page_id\" value=\"1\" \/><input type=\"hidden\" name=\"quform_loaded\" value=\"1778295054|fd6b8e1a48ad7b9a7ad01c7edf896f74\" \/><input type=\"hidden\" name=\"quform_csrf_token\" value=\"\" \/><div class=\"quform-elements quform-elements-20 quform-cf quform-responsive-elements-phone-landscape\"><div class=\"quform-element quform-element-page quform-page-1 quform-page-20_1 quform-cf quform-group-style-plain quform-first-page quform-last-page quform-current-page\"><div class=\"quform-child-elements\"><div class=\"quform-element quform-element-html quform-element-20_3 quform-cf\"><div class=\"quform-spacer\">In our HAB Newsletter we inform you regularly free of charge about new products, workshops and technologies around the topics of Colon-Hydro and Ozone-Therapy.\n\nTo receive the newsletter by e-mail, register here:<\/div><\/div><div class=\"quform-element quform-element-row quform-element-row-20_4 quform-2-columns quform-element-row-size-fixed quform-responsive-columns-phone-landscape\"><div class=\"quform-element quform-element-column quform-element-20_5\"><div class=\"quform-element quform-element-text quform-element-20_7 quform-cf quform-element-required\"><div class=\"quform-spacer\"><div class=\"quform-inner quform-inner-text quform-inner-20_7\"><div class=\"quform-input quform-input-text quform-input-20_7 quform-cf\"><input type=\"text\" id=\"quform_20_7_43130f\" name=\"quform_20_7\" class=\"quform-field quform-field-text quform-field-20_7\" placeholder=\"Name\" \/><\/div><\/div><\/div><\/div><\/div><div class=\"quform-element quform-element-column quform-element-20_6\"><div class=\"quform-element quform-element-email quform-element-20_8 quform-cf quform-element-required\"><div class=\"quform-spacer\"><div class=\"quform-inner quform-inner-email quform-inner-20_8\"><div class=\"quform-input quform-input-email quform-input-20_8 quform-cf\"><input type=\"email\" id=\"quform_20_8_43130f\" name=\"quform_20_8\" class=\"quform-field quform-field-email quform-field-20_8\" placeholder=\"E-Mail\" \/><\/div><\/div><\/div><\/div><\/div><\/div><div class=\"quform-element quform-element-textarea quform-element-20_591419 quform-sr-only quform-cf\" style=\"clip: rect(1px, 1px, 1px, 1px); clip-path: inset(50%); position: absolute !important; height: 1px; width: 1px; overflow: hidden;\"><div class=\"quform-spacer\"><div class=\"quform-label quform-label-20_591419\"><label class=\"quform-label-text\" for=\"quform_20_591419_43130f\">Contact Email<span class=\"quform-required\">*<\/span><\/label><\/div><div class=\"quform-inner quform-inner-20_591419\"><textarea id=\"quform_20_591419_43130f\" name=\"quform_20_591419\" class=\"quform-field quform-field-textarea quform-field-20_591419\" tabindex=\"-1\" autocomplete=\"new-password\"><\/textarea><\/div><\/div><\/div><div class=\"quform-element quform-element-checkbox quform-element-20_15 quform-cf quform-element-required\"><div class=\"quform-spacer\"><div class=\"quform-inner quform-inner-checkbox quform-inner-20_15\"><div class=\"quform-input quform-input-checkbox quform-input-20_15 quform-cf\"><div class=\"quform-options quform-cf quform-options-block quform-options-simple\"><div class=\"quform-option\"><input type=\"checkbox\" name=\"quform_20_15[]\" id=\"quform_20_15_43130f_1\" class=\"quform-field quform-field-checkbox quform-field-20_15 quform-field-20_15_1\" value=\"U6Q9cUdJsMLK9jFlX76ESw\" \/><label for=\"quform_20_15_43130f_1\" class=\"quform-option-label quform-option-label-20_15_1\"><span class=\"quform-option-text\">News &amp; Product information<\/span><\/label><\/div><div class=\"quform-option\"><input type=\"checkbox\" name=\"quform_20_15[]\" id=\"quform_20_15_43130f_2\" class=\"quform-field quform-field-checkbox quform-field-20_15 quform-field-20_15_2\" value=\"ttvFvO7vvRPUqRSdxiv5oQ\" \/><label for=\"quform_20_15_43130f_2\" class=\"quform-option-label quform-option-label-20_15_2\"><span class=\"quform-option-text\">Trainings <\/span><\/label><\/div><\/div><\/div><\/div><\/div><\/div><div class=\"quform-element quform-element-checkbox quform-element-20_18 quform-cf quform-element-required\"><div class=\"quform-spacer\"><div class=\"quform-inner quform-inner-checkbox quform-inner-20_18\"><div class=\"quform-input quform-input-checkbox quform-input-20_18 quform-cf\"><div class=\"quform-options quform-cf quform-options-block quform-options-simple\"><div class=\"quform-option\"><input type=\"checkbox\" name=\"quform_20_18[]\" id=\"quform_20_18_43130f_4\" class=\"quform-field quform-field-checkbox quform-field-20_18 quform-field-20_18_4\" value=\"Datenschutzerkl\u00e4rung\" \/><label for=\"quform_20_18_43130f_4\" class=\"quform-option-label quform-option-label-20_18_4\"><span class=\"quform-option-text\">I have read the <a href=\"\/datenschutz\/\"><u>Data security declaration<\/u><\/a> I accept, that my data is processed and stored electonically for answering my requests. Note: You can provoke your consent any time for the future by e-mail: <a href=\"mailto:info@hab.gmbh\"><u>info@hab.gmbh<\/u><\/a><\/span><\/label><\/div><\/div><\/div><\/div><\/div><\/div><div class=\"quform-element quform-element-submit quform-element-20_17 quform-cf quform-button-style-theme\"><div class=\"quform-button-submit quform-button-submit-default quform-button-submit-20_17\"><button name=\"quform_submit\" type=\"submit\" class=\"quform-submit\" value=\"submit\"><span class=\"quform-button-text quform-button-submit-text\">Register<\/span><\/button><\/div><div class=\"quform-loading quform-loading-position-left quform-loading-type-spinner-1\"><div class=\"quform-loading-inner\"><div class=\"quform-loading-spinner\"><div class=\"quform-loading-spinner-inner\"><\/div><\/div><\/div><\/div><\/div><\/div><\/div><\/div><\/div><\/form><\/div>\n<\/div><\/div><\/div><\/div><\/div><\/p>\n","protected":false},"excerpt":{"rendered":"","protected":false},"author":34,"featured_media":0,"parent":0,"menu_order":16,"comment_status":"closed","ping_status":"closed","template":"100-width.php","meta":{"footnotes":""},"class_list":["post-12966","page","type-page","status-publish","hentry"],"yoast_head":"<!-- This site is optimized with the Yoast SEO plugin v27.5 - https:\/\/yoast.com\/product\/yoast-seo-wordpress\/ -->\n<title>newslettersignup - HERRMANN Apparatebau GmbH , Elsenfeld<\/title>\n<meta name=\"robots\" content=\"index, follow, max-snippet:-1, max-image-preview:large, max-video-preview:-1\" \/>\n<link rel=\"canonical\" href=\"https:\/\/h-a-b.de\/en\/newslettersignup\/\" \/>\n<meta property=\"og:locale\" content=\"en_US\" \/>\n<meta property=\"og:type\" content=\"article\" \/>\n<meta property=\"og:title\" content=\"newslettersignup - HERRMANN Apparatebau GmbH , Elsenfeld\" \/>\n<meta property=\"og:url\" content=\"https:\/\/h-a-b.de\/en\/newslettersignup\/\" \/>\n<meta property=\"og:site_name\" content=\"HERRMANN Apparatebau GmbH , Elsenfeld\" \/>\n<meta property=\"article:publisher\" content=\"https:\/\/de-de.facebook.com\/habgmbh\/\" \/>\n<meta property=\"og:image\" content=\"https:\/\/h-a-b.de\/wp-content\/uploads\/2022\/12\/hab_facebook.jpg\" \/>\n\t<meta property=\"og:image:width\" content=\"1200\" \/>\n\t<meta property=\"og:image:height\" content=\"630\" \/>\n\t<meta property=\"og:image:type\" content=\"image\/jpeg\" \/>\n<meta name=\"twitter:card\" content=\"summary_large_image\" \/>\n<meta name=\"twitter:label1\" content=\"Est. reading time\" \/>\n\t<meta name=\"twitter:data1\" content=\"6 minutes\" \/>\n<script type=\"application\/ld+json\" class=\"yoast-schema-graph\">{\"@context\":\"https:\\\/\\\/schema.org\",\"@graph\":[{\"@type\":\"WebPage\",\"@id\":\"https:\\\/\\\/h-a-b.de\\\/en\\\/newslettersignup\\\/\",\"url\":\"https:\\\/\\\/h-a-b.de\\\/en\\\/newslettersignup\\\/\",\"name\":\"newslettersignup - HERRMANN Apparatebau GmbH , Elsenfeld\",\"isPartOf\":{\"@id\":\"https:\\\/\\\/h-a-b.de\\\/en\\\/#website\"},\"datePublished\":\"2025-02-26T13:25:10+00:00\",\"breadcrumb\":{\"@id\":\"https:\\\/\\\/h-a-b.de\\\/en\\\/newslettersignup\\\/#breadcrumb\"},\"inLanguage\":\"en-US\",\"potentialAction\":[{\"@type\":\"ReadAction\",\"target\":[\"https:\\\/\\\/h-a-b.de\\\/en\\\/newslettersignup\\\/\"]}]},{\"@type\":\"BreadcrumbList\",\"@id\":\"https:\\\/\\\/h-a-b.de\\\/en\\\/newslettersignup\\\/#breadcrumb\",\"itemListElement\":[{\"@type\":\"ListItem\",\"position\":1,\"name\":\"Startseite\",\"item\":\"https:\\\/\\\/h-a-b.de\\\/en\\\/\"},{\"@type\":\"ListItem\",\"position\":2,\"name\":\"newslettersignup\"}]},{\"@type\":\"WebSite\",\"@id\":\"https:\\\/\\\/h-a-b.de\\\/en\\\/#website\",\"url\":\"https:\\\/\\\/h-a-b.de\\\/en\\\/\",\"name\":\"HERRMANN Apparatebau GmbH , Elsenfeld\",\"description\":\"Marktf\u00fchrer f\u00fcr Ozon-Sauerstoff- &amp; Colon-Hydro-Therapie-Ger\u00e4te\",\"publisher\":{\"@id\":\"https:\\\/\\\/h-a-b.de\\\/en\\\/#organization\"},\"potentialAction\":[{\"@type\":\"SearchAction\",\"target\":{\"@type\":\"EntryPoint\",\"urlTemplate\":\"https:\\\/\\\/h-a-b.de\\\/en\\\/?s={search_term_string}\"},\"query-input\":{\"@type\":\"PropertyValueSpecification\",\"valueRequired\":true,\"valueName\":\"search_term_string\"}}],\"inLanguage\":\"en-US\"},{\"@type\":\"Organization\",\"@id\":\"https:\\\/\\\/h-a-b.de\\\/en\\\/#organization\",\"name\":\"HERRMANN Apparatebau GmbH\",\"alternateName\":\"HAB\",\"url\":\"https:\\\/\\\/h-a-b.de\\\/en\\\/\",\"logo\":{\"@type\":\"ImageObject\",\"inLanguage\":\"en-US\",\"@id\":\"https:\\\/\\\/h-a-b.de\\\/en\\\/#\\\/schema\\\/logo\\\/image\\\/\",\"url\":\"http:\\\/\\\/h-a-b.de\\\/wp-content\\\/uploads\\\/2022\\\/12\\\/favicon.jpg\",\"contentUrl\":\"http:\\\/\\\/h-a-b.de\\\/wp-content\\\/uploads\\\/2022\\\/12\\\/favicon.jpg\",\"width\":512,\"height\":512,\"caption\":\"HERRMANN Apparatebau GmbH\"},\"image\":{\"@id\":\"https:\\\/\\\/h-a-b.de\\\/en\\\/#\\\/schema\\\/logo\\\/image\\\/\"},\"sameAs\":[\"https:\\\/\\\/de-de.facebook.com\\\/habgmbh\\\/\",\"https:\\\/\\\/www.instagram.com\\\/hab_herrmann_apparatebau\\\/?hl=de\"]}]}<\/script>\n<!-- \/ Yoast SEO plugin. -->","yoast_head_json":{"title":"newslettersignup - HERRMANN Apparatebau GmbH , Elsenfeld","robots":{"index":"index","follow":"follow","max-snippet":"max-snippet:-1","max-image-preview":"max-image-preview:large","max-video-preview":"max-video-preview:-1"},"canonical":"https:\/\/h-a-b.de\/en\/newslettersignup\/","og_locale":"en_US","og_type":"article","og_title":"newslettersignup - HERRMANN Apparatebau GmbH , Elsenfeld","og_url":"https:\/\/h-a-b.de\/en\/newslettersignup\/","og_site_name":"HERRMANN Apparatebau GmbH , Elsenfeld","article_publisher":"https:\/\/de-de.facebook.com\/habgmbh\/","og_image":[{"width":1200,"height":630,"url":"https:\/\/h-a-b.de\/wp-content\/uploads\/2022\/12\/hab_facebook.jpg","type":"image\/jpeg"}],"twitter_card":"summary_large_image","twitter_misc":{"Est. reading time":"6 minutes"},"schema":{"@context":"https:\/\/schema.org","@graph":[{"@type":"WebPage","@id":"https:\/\/h-a-b.de\/en\/newslettersignup\/","url":"https:\/\/h-a-b.de\/en\/newslettersignup\/","name":"newslettersignup - HERRMANN Apparatebau GmbH , Elsenfeld","isPartOf":{"@id":"https:\/\/h-a-b.de\/en\/#website"},"datePublished":"2025-02-26T13:25:10+00:00","breadcrumb":{"@id":"https:\/\/h-a-b.de\/en\/newslettersignup\/#breadcrumb"},"inLanguage":"en-US","potentialAction":[{"@type":"ReadAction","target":["https:\/\/h-a-b.de\/en\/newslettersignup\/"]}]},{"@type":"BreadcrumbList","@id":"https:\/\/h-a-b.de\/en\/newslettersignup\/#breadcrumb","itemListElement":[{"@type":"ListItem","position":1,"name":"Startseite","item":"https:\/\/h-a-b.de\/en\/"},{"@type":"ListItem","position":2,"name":"newslettersignup"}]},{"@type":"WebSite","@id":"https:\/\/h-a-b.de\/en\/#website","url":"https:\/\/h-a-b.de\/en\/","name":"HERRMANN Apparatebau GmbH , Elsenfeld","description":"Marktf\u00fchrer f\u00fcr Ozon-Sauerstoff- &amp; Colon-Hydro-Therapie-Ger\u00e4te","publisher":{"@id":"https:\/\/h-a-b.de\/en\/#organization"},"potentialAction":[{"@type":"SearchAction","target":{"@type":"EntryPoint","urlTemplate":"https:\/\/h-a-b.de\/en\/?s={search_term_string}"},"query-input":{"@type":"PropertyValueSpecification","valueRequired":true,"valueName":"search_term_string"}}],"inLanguage":"en-US"},{"@type":"Organization","@id":"https:\/\/h-a-b.de\/en\/#organization","name":"HERRMANN Apparatebau GmbH","alternateName":"HAB","url":"https:\/\/h-a-b.de\/en\/","logo":{"@type":"ImageObject","inLanguage":"en-US","@id":"https:\/\/h-a-b.de\/en\/#\/schema\/logo\/image\/","url":"http:\/\/h-a-b.de\/wp-content\/uploads\/2022\/12\/favicon.jpg","contentUrl":"http:\/\/h-a-b.de\/wp-content\/uploads\/2022\/12\/favicon.jpg","width":512,"height":512,"caption":"HERRMANN Apparatebau GmbH"},"image":{"@id":"https:\/\/h-a-b.de\/en\/#\/schema\/logo\/image\/"},"sameAs":["https:\/\/de-de.facebook.com\/habgmbh\/","https:\/\/www.instagram.com\/hab_herrmann_apparatebau\/?hl=de"]}]}},"_links":{"self":[{"href":"https:\/\/h-a-b.de\/en\/wp-json\/wp\/v2\/pages\/12966","targetHints":{"allow":["GET"]}}],"collection":[{"href":"https:\/\/h-a-b.de\/en\/wp-json\/wp\/v2\/pages"}],"about":[{"href":"https:\/\/h-a-b.de\/en\/wp-json\/wp\/v2\/types\/page"}],"author":[{"embeddable":true,"href":"https:\/\/h-a-b.de\/en\/wp-json\/wp\/v2\/users\/34"}],"replies":[{"embeddable":true,"href":"https:\/\/h-a-b.de\/en\/wp-json\/wp\/v2\/comments?post=12966"}],"version-history":[{"count":0,"href":"https:\/\/h-a-b.de\/en\/wp-json\/wp\/v2\/pages\/12966\/revisions"}],"wp:attachment":[{"href":"https:\/\/h-a-b.de\/en\/wp-json\/wp\/v2\/media?parent=12966"}],"curies":[{"name":"wp","href":"https:\/\/api.w.org\/{rel}","templated":true}]}}